{"id":56199,"date":"2021-12-25T22:00:41","date_gmt":"2021-12-25T22:00:41","guid":{"rendered":"http:\/\/tuulivahtra.com\/?page_id=56199"},"modified":"2026-01-09T14:45:03","modified_gmt":"2026-01-09T14:45:03","slug":"hinnakiri","status":"publish","type":"page","link":"https:\/\/tuulivahtra.com\/et\/hinnakiri\/","title":{"rendered":"Hinnakiri"},"content":{"rendered":"<div class=\"wpb-content-wrapper\"><p>[vc_row bg_type=&#8221;image&#8221; parallax_style=&#8221;vcpb-vz-jquery&#8221; bg_image_new=&#8221;id^56225|url^http:\/\/tuulivahtra.com\/wp-content\/uploads\/2021\/12\/h2021.jpg|caption^null|alt^Hinnad|title^Hinnad|description^null&#8221; bg_override=&#8221;full&#8221; seperator_enable=&#8221;seperator_enable_value&#8221; seperator_type=&#8221;tilt_left_seperator&#8221; seperator_position=&#8221;bottom_seperator&#8221; seperator_svg_height=&#8221;100&#8243; seperator_shape_background=&#8221;#ffffff&#8221; type=&#8221;vc_default&#8221; css=&#8221;.vc_custom_1640784755448{padding-top: 8% !important;padding-bottom: 8% !important;background-color: #fff6f2 !important;}&#8221;][vc_column]<div class=\"ult-spacer spacer-69f626c32661e\" data-id=\"69f626c32661e\" data-height=\"60\" data-height-mobile=\"120\" data-height-tab=\"100\" data-height-tab-portrait=\"100\" data-height-mobile-landscape=\"100\" style=\"clear:both;display:block;\"><\/div>[\/vc_column][\/vc_row][vc_row full_width=&#8221;stretch_row_content_no_spaces&#8221; type=&#8221;vc_default&#8221; full_width_padding_left=&#8221;40&#8243; full_width_padding_right=&#8221;40&#8243; full_width_margin_top=&#8221;0&#8243; full_width_margin_bottom=&#8221;0&#8243; css=&#8221;.vc_custom_1640818580206{padding-right: 20px !important;padding-left: 20px !important;}&#8221;][vc_column width=&#8221;5\/6&#8243; offset=&#8221;vc_col-lg-offset-3 vc_col-lg-6 vc_col-md-offset-2 vc_col-md-8 vc_col-sm-offset-1&#8243;]<div id=\"ultimate-heading-206169f626c326670\" class=\"uvc-heading ult-adjust-bottom-margin ultimate-heading-206169f626c326670 uvc-9972 accent-border-color color-title\" data-hspacer=\"line_only\"  data-halign=\"center\" style=\"text-align:center\"><div class=\"uvc-main-heading ult-responsive\"  data-ultimate-target='.uvc-heading.ultimate-heading-206169f626c326670 h2'  data-responsive-json-new='{\"font-size\":\"desktop:40px;\",\"line-height\":\"desktop:50px;\"}' ><h2 style=\"font-weight:bold;color:#333333;margin-top:20PX;margin-bottom:10px;\">Hinnakiri<\/h2><\/div><div class=\"uvc-heading-spacer line_only\" style=\"margin-bottom:30px;height:3px;\"><span class=\"uvc-headings-line\" style=\"border-style:solid;border-bottom-width:3px;border-color:#ccc;width:200px;\"><\/span><\/div><\/div>[vc_column_text css=&#8221;&#8221;]<\/p>\n<p style=\"text-align: center;\">Siit leiad seansside ja lisateenuste hinnad ning maksmise info.<\/p>\n<p style=\"text-align: center;\">K\u00f5iki seansse on v\u00f5imalik teha Tallinnas teraapiatoas v\u00f5i videok\u00f5ne vahendusel.<\/p>\n<p>[\/vc_column_text]<div class=\"ult-spacer spacer-69f626c3266b5\" data-id=\"69f626c3266b5\" data-height=\"30\" data-height-mobile=\"30\" data-height-tab=\"30\" data-height-tab-portrait=\"30\" data-height-mobile-landscape=\"30\" style=\"clear:both;display:block;\"><\/div><div id=\"ultimate-heading-950969f626c3266da\" class=\"uvc-heading ult-adjust-bottom-margin ultimate-heading-950969f626c3266da uvc-1175 \" data-hspacer=\"no_spacer\"  data-halign=\"left\" style=\"text-align:left\"><div class=\"uvc-heading-spacer no_spacer\" style=\"top\"><\/div><div class=\"uvc-main-heading ult-responsive\"  data-ultimate-target='.uvc-heading.ultimate-heading-950969f626c3266da h2'  data-responsive-json-new='{\"font-size\":\"desktop:20px;\",\"line-height\":\"desktop:30px;\"}' ><h2 style=\"--font-weight:theme;margin-bottom:10px;\">Terviklikkuse teraapia v\u00f5i t\u00f6\u00f6 sisemiste osadega<\/h2><\/div><\/div>[vc_column_text css=&#8221;.vc_custom_1704222514601{padding-bottom: 10px !important;}&#8221;]<\/p>\n<p style=\"text-align: left;\">Teraapiaseanss sisaldab vestlust (n\u00f5ustamine\/coaching) ja \u00fchte s\u00fcgavamat protsessi (Terviklikkuse protsess v\u00f5i t\u00f6\u00f6 sisemiste osadega) suurema selguse\/muutuse toomiseks. Seansse on v\u00f5imalik tellida \u00fcksikuna ja paketina*. Kestus kuni 2,5 tundi.<\/p>\n<p>[\/vc_column_text]<div class=\"standard-arrow bullet-top\"><ul>\n<li>1 seanss \u2013 170 EUR<\/li>\n<li>3 seansi pakett \u2013 465 EUR<\/li>\n<li>6 seansi pakett \u2013 900 EUR <span style=\"color: #999999;\"><em>\u00a0<\/em><\/span><\/li>\n<li>10 seansi pakett \u2013 1450 EUR<\/li>\n<li>Premium pakett \u2013 hind kokkuleppel<br \/>\n<span style=\"color: #999999;\"><em>(kohandatud vastavalt su soovidele, vajadusel pikema seansi kestusega ning lisateenustega)\u00a0<\/em><\/span><\/li>\n<\/ul>\n<\/div><div id=\"ultimate-heading-510269f626c326759\" class=\"uvc-heading ult-adjust-bottom-margin ultimate-heading-510269f626c326759 uvc-9495 \" data-hspacer=\"no_spacer\"  data-halign=\"left\" style=\"text-align:left\"><div class=\"uvc-heading-spacer no_spacer\" style=\"top\"><\/div><div class=\"uvc-main-heading ult-responsive\"  data-ultimate-target='.uvc-heading.ultimate-heading-510269f626c326759 h2'  data-responsive-json-new='{\"font-size\":\"desktop:20px;\",\"line-height\":\"desktop:30px;\"}' ><h2 style=\"--font-weight:theme;margin-bottom:10px;\">N\u00f5ustamine ja coaching<\/h2><\/div><\/div>[vc_column_text css=&#8221;.vc_custom_1704222504347{padding-bottom: 10px !important;}&#8221;]<\/p>\n<p style=\"text-align: left;\">Vestlusp\u00f5hisel seansil aitavad n\u00f5ustamise ja coachingu t\u00f6\u00f6riistad sul endaga toimuvat paremini m\u00f5ista ning saad leida uusi lahendusi oma muredele. Seansi kestus kuni 1,5 tundi.<\/p>\n<p>[\/vc_column_text]<div class=\"standard-arrow list-divider bullet-top\"><ul>\n<li>1 seanss \u2013 105 EUR<\/li>\n<\/ul>\n<\/div><div id=\"ultimate-heading-228869f626c3267b7\" class=\"uvc-heading ult-adjust-bottom-margin ultimate-heading-228869f626c3267b7 uvc-7256 \" data-hspacer=\"no_spacer\"  data-halign=\"left\" style=\"text-align:left\"><div class=\"uvc-heading-spacer no_spacer\" style=\"top\"><\/div><div class=\"uvc-main-heading ult-responsive\"  data-ultimate-target='.uvc-heading.ultimate-heading-228869f626c3267b7 h2'  data-responsive-json-new='{\"font-size\":\"desktop:20px;\",\"line-height\":\"desktop:30px;\"}' ><h2 style=\"--font-weight:theme;margin-bottom:10px;\">Lisateenused<\/h2><\/div><\/div><div class=\"standard-arrow bullet-top\"><ul>\n<li>Seanss kohtumisega sinu kodus v\u00f5i kontoris \u2013 hind kokkuleppel<\/li>\n<li>Ekstra pika kestusega teraapiaseanss \u2013 hind kokkuleppel<\/li>\n<\/ul>\n<\/div>[\/vc_column][\/vc_row][vc_row][vc_column]<div class=\"ult-spacer spacer-69f626c326809\" data-id=\"69f626c326809\" data-height=\"10\" data-height-mobile=\"10\" data-height-tab=\"10\" data-height-tab-portrait=\"10\" data-height-mobile-landscape=\"10\" style=\"clear:both;display:block;\"><\/div>[\/vc_column][\/vc_row][vc_row bg_type=&#8221;bg_color&#8221; bg_override=&#8221;ex-full&#8221; seperator_enable=&#8221;seperator_enable_value&#8221; seperator_type=&#8221;tilt_left_seperator&#8221; seperator_position=&#8221;top_bottom_seperator&#8221; seperator_svg_height=&#8221;100&#8243; bg_color_value=&#8221;#fff6f2&#8243; css=&#8221;.vc_custom_1579881582291{padding-top: 100px !important;padding-bottom: 100px !important;}&#8221;][vc_column width=&#8221;1\/6&#8243;][\/vc_column][vc_column width=&#8221;4\/6&#8243;]<div id=\"ultimate-heading-841969f626c32682f\" class=\"uvc-heading ult-adjust-bottom-margin ultimate-heading-841969f626c32682f uvc-3609 accent-border-color\" data-hspacer=\"line_only\"  data-halign=\"center\" style=\"text-align:center\"><div class=\"uvc-main-heading ult-responsive\"  data-ultimate-target='.uvc-heading.ultimate-heading-841969f626c32682f h2'  data-responsive-json-new='{\"font-size\":\"desktop:26px;\",\"line-height\":\"desktop:36px;\"}' ><h2 style=\"font-weight:bold;margin-top:40px;margin-bottom:10px;\">Maksmine ja lisainfo<\/h2><\/div><div class=\"uvc-heading-spacer line_only\" style=\"topheight:3px;\"><span class=\"uvc-headings-line\" style=\"border-style:solid;border-bottom-width:3px;border-color:#cfd281;width:200px;\"><\/span><\/div><\/div><div class=\"ult-spacer spacer-69f626c326857\" data-id=\"69f626c326857\" data-height=\"30\" data-height-mobile=\"30\" data-height-tab=\"30\" data-height-tab-portrait=\"30\" data-height-mobile-landscape=\"30\" style=\"clear:both;display:block;\"><\/div><div id=\"ultimate-heading-489269f626c326876\" class=\"uvc-heading ult-adjust-bottom-margin ultimate-heading-489269f626c326876 uvc-9513 \" data-hspacer=\"no_spacer\"  data-halign=\"left\" style=\"text-align:left\"><div class=\"uvc-heading-spacer no_spacer\" style=\"top\"><\/div><div class=\"uvc-main-heading ult-responsive\"  data-ultimate-target='.uvc-heading.ultimate-heading-489269f626c326876 h3'  data-responsive-json-new='{\"font-size\":\"desktop:18px;\",\"line-height\":\"desktop:26px;\"}' ><h3 style=\"font-family:&#039;Roboto&#039;;font-weight:500;\">Maksmise info<\/h3><\/div><\/div>[vc_column_text css=&#8221;.vc_custom_1644870495979{padding-bottom: 20px !important;}&#8221;]Tasumine kohapeal sularahas v\u00f5i panga\u00fclekandega: Tuuli Coaching O\u00dc, Swedbank EE632200221073094916. Samuti on v\u00f5imalik rahvusvaheline makse PayPali v\u00f5i Stripe rakenduse vahendusel. Arve saab v\u00e4ljastada ettev\u00f5ttele v\u00f5i eraisikule.[\/vc_column_text]<div id=\"ultimate-heading-483369f626c3268ac\" class=\"uvc-heading ult-adjust-bottom-margin ultimate-heading-483369f626c3268ac uvc-8703 \" data-hspacer=\"no_spacer\"  data-halign=\"left\" style=\"text-align:left\"><div class=\"uvc-heading-spacer no_spacer\" style=\"top\"><\/div><div class=\"uvc-main-heading ult-responsive\"  data-ultimate-target='.uvc-heading.ultimate-heading-483369f626c3268ac h3'  data-responsive-json-new='{\"font-size\":\"desktop:18px;\",\"line-height\":\"desktop:26px;\"}' ><h3 style=\"font-family:&#039;Roboto&#039;;font-weight:500;\">Seansi edasil\u00fckkamine v\u00f5i t\u00fchistamine<\/h3><\/div><\/div>[vc_column_text css=&#8221;.vc_custom_1640696862775{padding-bottom: 20px !important;}&#8221;]Palun teavita v\u00e4hemalt 24 tundi enne seansi algust, kui su plaanid muutuvad ja soovid kohtumise edasi l\u00fckata v\u00f5i t\u00fchistada.[\/vc_column_text]<div id=\"ultimate-heading-188369f626c3268e0\" class=\"uvc-heading ult-adjust-bottom-margin ultimate-heading-188369f626c3268e0 uvc-1509 \" data-hspacer=\"no_spacer\"  data-halign=\"left\" style=\"text-align:left\"><div class=\"uvc-heading-spacer no_spacer\" style=\"top\"><\/div><div class=\"uvc-main-heading ult-responsive\"  data-ultimate-target='.uvc-heading.ultimate-heading-188369f626c3268e0 h3'  data-responsive-json-new='{\"font-size\":\"desktop:18px;\",\"line-height\":\"desktop:26px;\"}' ><h3 style=\"font-family:&#039;Roboto&#039;;font-weight:500;\">*Seansside paketid \u2013 regulaarne tugi tervenemise ja enesearengu teel<\/h3><\/div><\/div>[vc_column_text css=&#8221;.vc_custom_1640699401738{padding-bottom: 20px !important;}&#8221;]Paketiga on seansi tasu soodsam ning lisaks leian sulle kui p\u00fcsikliendile kiiremini aja, kui soovid j\u00e4rgmisele kohtumisele tulla. Paketis olevaid seansse saad kasutada 6 kuu jooksul alates soetamisest.[\/vc_column_text]<div id=\"ultimate-heading-387869f626c326910\" class=\"uvc-heading ult-adjust-bottom-margin ultimate-heading-387869f626c326910 uvc-1407 \" data-hspacer=\"no_spacer\"  data-halign=\"left\" style=\"text-align:left\"><div class=\"uvc-heading-spacer no_spacer\" style=\"top\"><\/div><div class=\"uvc-main-heading ult-responsive\"  data-ultimate-target='.uvc-heading.ultimate-heading-387869f626c326910 h3'  data-responsive-json-new='{\"font-size\":\"desktop:18px;\",\"line-height\":\"desktop:26px;\"}' ><h3 style=\"font-family:&#039;Roboto&#039;;font-weight:500;\">Soovi korral toeta minu tegevust<\/h3><\/div><\/div>[vc_column_text css=&#8221;.vc_custom_1641133724595{padding-bottom: 20px !important;}&#8221;]Kui meie koost\u00f6\u00f6 on sulle eriti suured muutused toonud ning sul on soov ja majanduslik v\u00f5imalus seansside eest boonust maksta ning mu tegevust toetada, siis see on alati teretulnud. Boonus aitab mul ennast j\u00e4tkuvalt t\u00e4iendkoolitada, luua rohkem sisu ja j\u00f5uda oma teadmistega ka nendeni, kes seanssidele tulla ei saa.[\/vc_column_text][\/vc_column][vc_column width=&#8221;1\/6&#8243;][\/vc_column][\/vc_row][vc_row][vc_column]<div class=\"ult-spacer spacer-69f626c326939\" data-id=\"69f626c326939\" data-height=\"10\" data-height-mobile=\"10\" data-height-tab=\"10\" data-height-tab-portrait=\"10\" data-height-mobile-landscape=\"10\" style=\"clear:both;display:block;\"><\/div>[\/vc_column][\/vc_row][vc_row full_width=&#8221;stretch_row_content_no_spaces&#8221; seperator_enable=&#8221;seperator_enable_value&#8221; seperator_type=&#8221;tilt_left_seperator&#8221; seperator_position=&#8221;top_bottom_seperator&#8221; seperator_svg_height=&#8221;100&#8243; type=&#8221;vc_default&#8221; full_width_padding_left=&#8221;40&#8243; full_width_padding_right=&#8221;40&#8243; full_width_margin_top=&#8221;0&#8243; full_width_margin_bottom=&#8221;0&#8243;][vc_column offset=&#8221;vc_col-lg-offset-3 vc_col-lg-6 vc_col-md-offset-2 vc_col-md-8 vc_col-sm-offset-1&#8243;]<div id=\"ultimate-heading-24169f626c32695c\" class=\"uvc-heading ult-adjust-bottom-margin ultimate-heading-24169f626c32695c uvc-2895 accent-border-color\" data-hspacer=\"line_only\"  data-halign=\"center\" style=\"text-align:center\"><div class=\"uvc-main-heading ult-responsive\"  data-ultimate-target='.uvc-heading.ultimate-heading-24169f626c32695c h2'  data-responsive-json-new='{\"font-size\":\"desktop:26px;\",\"line-height\":\"desktop:36px;\"}' ><h2 style=\"font-weight:bold;margin-top:40px;margin-bottom:10px;\">Kirjuta mulle ja tule seansile<\/h2><\/div><div class=\"uvc-heading-spacer line_only\" style=\"topheight:3px;\"><span class=\"uvc-headings-line\" style=\"border-style:solid;border-bottom-width:3px;border-color:#cfd281;width:200px;\"><\/span><\/div><\/div><div class=\"ult-spacer spacer-69f626c326980\" data-id=\"69f626c326980\" data-height=\"20\" data-height-mobile=\"20\" data-height-tab=\"20\" data-height-tab-portrait=\"20\" data-height-mobile-landscape=\"20\" style=\"clear:both;display:block;\"><\/div>[vc_column_text]<\/p>\n<p style=\"text-align: center;\">Kui soovid lisainfot v\u00f5i tulla seansile, v\u00f5ta \u00fchendust.<\/p>\n<p>[\/vc_column_text]<div class=\"ult-spacer spacer-69f626c326993\" data-id=\"69f626c326993\" data-height=\"20\" data-height-mobile=\"20\" data-height-tab=\"20\" data-height-tab-portrait=\"20\" data-height-mobile-landscape=\"20\" style=\"clear:both;display:block;\"><\/div><style type=\"text\/css\" data-type=\"the7_shortcodes-inline-css\">#default-btn-0a35316f43d3dd9c4fa8673ca9d2accc.ico-right-side > i {\n  margin-right: 0px;\n  margin-left: 8px;\n}\n#default-btn-0a35316f43d3dd9c4fa8673ca9d2accc > i {\n  margin-right: 8px;\n}<\/style><div class=\"btn-align-center\"><a href=\"https:\/\/tuulivahtra.com\/et\/kontakt\/\" class=\"default-btn-shortcode dt-btn dt-btn-l link-hover-off \" id=\"default-btn-0a35316f43d3dd9c4fa8673ca9d2accc\"><span>Kontakt<\/span><\/a><\/div><div class=\"ult-spacer spacer-69f626c326a2d\" data-id=\"69f626c326a2d\" data-height=\"50\" data-height-mobile=\"50\" data-height-tab=\"50\" data-height-tab-portrait=\"50\" data-height-mobile-landscape=\"50\" style=\"clear:both;display:block;\"><\/div>[\/vc_column][\/vc_row][vc_row][vc_column]<div class=\"ult-spacer spacer-69f626c326a42\" data-id=\"69f626c326a42\" data-height=\"70\" data-height-mobile=\"50\" data-height-tab=\"50\" data-height-tab-portrait=\"50\" data-height-mobile-landscape=\"50\" style=\"clear:both;display:block;\"><\/div>[\/vc_column][\/vc_row]<\/p>\n<\/div>","protected":false},"excerpt":{"rendered":"<p>[vc_row bg_type=&#8221;image&#8221; parallax_style=&#8221;vcpb-vz-jquery&#8221; bg_image_new=&#8221;id^56225|url^http:\/\/tuulivahtra.com\/wp-content\/uploads\/2021\/12\/h2021.jpg|caption^null|alt^Hinnad|title^Hinnad|description^null&#8221; bg_override=&#8221;full&#8221; seperator_enable=&#8221;seperator_enable_value&#8221; seperator_type=&#8221;tilt_left_seperator&#8221; seperator_position=&#8221;bottom_seperator&#8221; seperator_svg_height=&#8221;100&#8243; seperator_shape_background=&#8221;#ffffff&#8221; type=&#8221;vc_default&#8221; css=&#8221;.vc_custom_1640784755448{padding-top: 8% !important;padding-bottom: 8% !important;background-color: #fff6f2 !important;}&#8221;][vc_column][\/vc_column][\/vc_row][vc_row full_width=&#8221;stretch_row_content_no_spaces&#8221; type=&#8221;vc_default&#8221; full_width_padding_left=&#8221;40&#8243; full_width_padding_right=&#8221;40&#8243; full_width_margin_top=&#8221;0&#8243; full_width_margin_bottom=&#8221;0&#8243; css=&#8221;.vc_custom_1640818580206{padding-right: 20px !important;padding-left: 20px !important;}&#8221;][vc_column width=&#8221;5\/6&#8243; offset=&#8221;vc_col-lg-offset-3 vc_col-lg-6 vc_col-md-offset-2 vc_col-md-8 vc_col-sm-offset-1&#8243;][vc_column_text css=&#8221;&#8221;] Siit leiad seansside ja lisateenuste hinnad ning maksmise info. K\u00f5iki seansse on v\u00f5imalik teha Tallinnas teraapiatoas v\u00f5i videok\u00f5ne vahendusel.&hellip;<\/p>\n","protected":false},"author":1,"featured_media":56243,"parent":0,"menu_order":1,"comment_status":"closed","ping_status":"closed","template":"","meta":{"iawp_total_views":94,"footnotes":""},"class_list":["post-56199","page","type-page","status-publish","has-post-thumbnail","hentry","description-off"],"yoast_head":"<!-- This site is optimized with the Yoast SEO plugin v27.3 - https:\/\/yoast.com\/product\/yoast-seo-wordpress\/ -->\n<title>Hinnakiri \u2013 teraapia, n\u00f5ustamine ja coaching | Tuuli Vahtra<\/title>\n<meta name=\"description\" content=\"Teraapia, n\u00f5ustamise ja coachingu hinnad. Maksmise info. K\u00f5iki seansse on v\u00f5imalik teha Tallinnas teraapiatoas v\u00f5i videok\u00f5ne vahendusel.\" \/>\n<meta name=\"robots\" content=\"index, follow, max-snippet:-1, max-image-preview:large, max-video-preview:-1\" \/>\n<link rel=\"canonical\" href=\"https:\/\/tuulivahtra.com\/et\/hinnakiri\/\" \/>\n<meta property=\"og:locale\" content=\"et_EE\" \/>\n<meta property=\"og:type\" content=\"article\" \/>\n<meta property=\"og:title\" content=\"Hinnakiri \u2013 teraapia, n\u00f5ustamine ja coaching | Tuuli Vahtra\" \/>\n<meta property=\"og:description\" content=\"Aitan sul sinuga toimuvat paremini m\u00f5ista ja j\u00f5uda lahendusteni.\" \/>\n<meta property=\"og:url\" content=\"https:\/\/tuulivahtra.com\/et\/hinnakiri\/\" \/>\n<meta property=\"og:site_name\" content=\"Tuuli Vahtra\" \/>\n<meta property=\"article:modified_time\" content=\"2026-01-09T14:45:03+00:00\" \/>\n<meta property=\"og:image\" content=\"https:\/\/tuulivahtra.com\/wp-content\/uploads\/2021\/12\/h-2022.jpg\" \/>\n\t<meta property=\"og:image:width\" content=\"1200\" \/>\n\t<meta property=\"og:image:height\" content=\"628\" \/>\n\t<meta property=\"og:image:type\" content=\"image\/jpeg\" \/>\n<meta name=\"twitter:card\" content=\"summary_large_image\" \/>\n<meta name=\"twitter:label1\" content=\"Est. reading time\" \/>\n\t<meta name=\"twitter:data1\" content=\"3 minutit\" \/>\n<script type=\"application\/ld+json\" class=\"yoast-schema-graph\">{\"@context\":\"https:\\\/\\\/schema.org\",\"@graph\":[{\"@type\":\"WebPage\",\"@id\":\"https:\\\/\\\/tuulivahtra.com\\\/et\\\/hinnakiri\\\/\",\"url\":\"https:\\\/\\\/tuulivahtra.com\\\/et\\\/hinnakiri\\\/\",\"name\":\"Hinnakiri \u2013 teraapia, n\u00f5ustamine ja coaching | Tuuli Vahtra\",\"isPartOf\":{\"@id\":\"https:\\\/\\\/tuulivahtra.com\\\/et\\\/#website\"},\"primaryImageOfPage\":{\"@id\":\"https:\\\/\\\/tuulivahtra.com\\\/et\\\/hinnakiri\\\/#primaryimage\"},\"image\":{\"@id\":\"https:\\\/\\\/tuulivahtra.com\\\/et\\\/hinnakiri\\\/#primaryimage\"},\"thumbnailUrl\":\"https:\\\/\\\/tuulivahtra.com\\\/wp-content\\\/uploads\\\/2021\\\/12\\\/h-2022.jpg\",\"datePublished\":\"2021-12-25T22:00:41+00:00\",\"dateModified\":\"2026-01-09T14:45:03+00:00\",\"description\":\"Teraapia, n\u00f5ustamise ja coachingu hinnad. Maksmise info. K\u00f5iki seansse on v\u00f5imalik teha Tallinnas teraapiatoas v\u00f5i videok\u00f5ne vahendusel.\",\"breadcrumb\":{\"@id\":\"https:\\\/\\\/tuulivahtra.com\\\/et\\\/hinnakiri\\\/#breadcrumb\"},\"inLanguage\":\"et\",\"potentialAction\":[{\"@type\":\"ReadAction\",\"target\":[\"https:\\\/\\\/tuulivahtra.com\\\/et\\\/hinnakiri\\\/\"]}]},{\"@type\":\"ImageObject\",\"inLanguage\":\"et\",\"@id\":\"https:\\\/\\\/tuulivahtra.com\\\/et\\\/hinnakiri\\\/#primaryimage\",\"url\":\"https:\\\/\\\/tuulivahtra.com\\\/wp-content\\\/uploads\\\/2021\\\/12\\\/h-2022.jpg\",\"contentUrl\":\"https:\\\/\\\/tuulivahtra.com\\\/wp-content\\\/uploads\\\/2021\\\/12\\\/h-2022.jpg\",\"width\":1200,\"height\":628,\"caption\":\"Hinnakiri 2022\"},{\"@type\":\"BreadcrumbList\",\"@id\":\"https:\\\/\\\/tuulivahtra.com\\\/et\\\/hinnakiri\\\/#breadcrumb\",\"itemListElement\":[{\"@type\":\"ListItem\",\"position\":1,\"name\":\"Home\",\"item\":\"https:\\\/\\\/tuulivahtra.com\\\/et\\\/\"},{\"@type\":\"ListItem\",\"position\":2,\"name\":\"Hinnakiri\"}]},{\"@type\":\"WebSite\",\"@id\":\"https:\\\/\\\/tuulivahtra.com\\\/et\\\/#website\",\"url\":\"https:\\\/\\\/tuulivahtra.com\\\/et\\\/\",\"name\":\"Tuuli Vahtra\",\"description\":\"\",\"publisher\":{\"@id\":\"https:\\\/\\\/tuulivahtra.com\\\/et\\\/#organization\"},\"potentialAction\":[{\"@type\":\"SearchAction\",\"target\":{\"@type\":\"EntryPoint\",\"urlTemplate\":\"https:\\\/\\\/tuulivahtra.com\\\/et\\\/?s={search_term_string}\"},\"query-input\":{\"@type\":\"PropertyValueSpecification\",\"valueRequired\":true,\"valueName\":\"search_term_string\"}}],\"inLanguage\":\"et\"},{\"@type\":\"Organization\",\"@id\":\"https:\\\/\\\/tuulivahtra.com\\\/et\\\/#organization\",\"name\":\"Tuuli Coaching O\u00dc\",\"url\":\"https:\\\/\\\/tuulivahtra.com\\\/et\\\/\",\"logo\":{\"@type\":\"ImageObject\",\"inLanguage\":\"et\",\"@id\":\"https:\\\/\\\/tuulivahtra.com\\\/et\\\/#\\\/schema\\\/logo\\\/image\\\/\",\"url\":\"http:\\\/\\\/tuulivahtra.com\\\/wp-content\\\/uploads\\\/2019\\\/07\\\/Tuuli-Vahtra-website.png\",\"contentUrl\":\"http:\\\/\\\/tuulivahtra.com\\\/wp-content\\\/uploads\\\/2019\\\/07\\\/Tuuli-Vahtra-website.png\",\"width\":100,\"height\":101,\"caption\":\"Tuuli Coaching O\u00dc\"},\"image\":{\"@id\":\"https:\\\/\\\/tuulivahtra.com\\\/et\\\/#\\\/schema\\\/logo\\\/image\\\/\"}}]}<\/script>\n<!-- \/ Yoast SEO plugin. -->","yoast_head_json":{"title":"Hinnakiri \u2013 teraapia, n\u00f5ustamine ja coaching | Tuuli Vahtra","description":"Teraapia, n\u00f5ustamise ja coachingu hinnad. Maksmise info. K\u00f5iki seansse on v\u00f5imalik teha Tallinnas teraapiatoas v\u00f5i videok\u00f5ne vahendusel.","robots":{"index":"index","follow":"follow","max-snippet":"max-snippet:-1","max-image-preview":"max-image-preview:large","max-video-preview":"max-video-preview:-1"},"canonical":"https:\/\/tuulivahtra.com\/et\/hinnakiri\/","og_locale":"et_EE","og_type":"article","og_title":"Hinnakiri \u2013 teraapia, n\u00f5ustamine ja coaching | Tuuli Vahtra","og_description":"Aitan sul sinuga toimuvat paremini m\u00f5ista ja j\u00f5uda lahendusteni.","og_url":"https:\/\/tuulivahtra.com\/et\/hinnakiri\/","og_site_name":"Tuuli Vahtra","article_modified_time":"2026-01-09T14:45:03+00:00","og_image":[{"width":1200,"height":628,"url":"https:\/\/tuulivahtra.com\/wp-content\/uploads\/2021\/12\/h-2022.jpg","type":"image\/jpeg"}],"twitter_card":"summary_large_image","twitter_misc":{"Est. reading time":"3 minutit"},"schema":{"@context":"https:\/\/schema.org","@graph":[{"@type":"WebPage","@id":"https:\/\/tuulivahtra.com\/et\/hinnakiri\/","url":"https:\/\/tuulivahtra.com\/et\/hinnakiri\/","name":"Hinnakiri \u2013 teraapia, n\u00f5ustamine ja coaching | Tuuli Vahtra","isPartOf":{"@id":"https:\/\/tuulivahtra.com\/et\/#website"},"primaryImageOfPage":{"@id":"https:\/\/tuulivahtra.com\/et\/hinnakiri\/#primaryimage"},"image":{"@id":"https:\/\/tuulivahtra.com\/et\/hinnakiri\/#primaryimage"},"thumbnailUrl":"https:\/\/tuulivahtra.com\/wp-content\/uploads\/2021\/12\/h-2022.jpg","datePublished":"2021-12-25T22:00:41+00:00","dateModified":"2026-01-09T14:45:03+00:00","description":"Teraapia, n\u00f5ustamise ja coachingu hinnad. Maksmise info. K\u00f5iki seansse on v\u00f5imalik teha Tallinnas teraapiatoas v\u00f5i videok\u00f5ne vahendusel.","breadcrumb":{"@id":"https:\/\/tuulivahtra.com\/et\/hinnakiri\/#breadcrumb"},"inLanguage":"et","potentialAction":[{"@type":"ReadAction","target":["https:\/\/tuulivahtra.com\/et\/hinnakiri\/"]}]},{"@type":"ImageObject","inLanguage":"et","@id":"https:\/\/tuulivahtra.com\/et\/hinnakiri\/#primaryimage","url":"https:\/\/tuulivahtra.com\/wp-content\/uploads\/2021\/12\/h-2022.jpg","contentUrl":"https:\/\/tuulivahtra.com\/wp-content\/uploads\/2021\/12\/h-2022.jpg","width":1200,"height":628,"caption":"Hinnakiri 2022"},{"@type":"BreadcrumbList","@id":"https:\/\/tuulivahtra.com\/et\/hinnakiri\/#breadcrumb","itemListElement":[{"@type":"ListItem","position":1,"name":"Home","item":"https:\/\/tuulivahtra.com\/et\/"},{"@type":"ListItem","position":2,"name":"Hinnakiri"}]},{"@type":"WebSite","@id":"https:\/\/tuulivahtra.com\/et\/#website","url":"https:\/\/tuulivahtra.com\/et\/","name":"Tuuli Vahtra","description":"","publisher":{"@id":"https:\/\/tuulivahtra.com\/et\/#organization"},"potentialAction":[{"@type":"SearchAction","target":{"@type":"EntryPoint","urlTemplate":"https:\/\/tuulivahtra.com\/et\/?s={search_term_string}"},"query-input":{"@type":"PropertyValueSpecification","valueRequired":true,"valueName":"search_term_string"}}],"inLanguage":"et"},{"@type":"Organization","@id":"https:\/\/tuulivahtra.com\/et\/#organization","name":"Tuuli Coaching O\u00dc","url":"https:\/\/tuulivahtra.com\/et\/","logo":{"@type":"ImageObject","inLanguage":"et","@id":"https:\/\/tuulivahtra.com\/et\/#\/schema\/logo\/image\/","url":"http:\/\/tuulivahtra.com\/wp-content\/uploads\/2019\/07\/Tuuli-Vahtra-website.png","contentUrl":"http:\/\/tuulivahtra.com\/wp-content\/uploads\/2019\/07\/Tuuli-Vahtra-website.png","width":100,"height":101,"caption":"Tuuli Coaching O\u00dc"},"image":{"@id":"https:\/\/tuulivahtra.com\/et\/#\/schema\/logo\/image\/"}}]}},"_links":{"self":[{"href":"https:\/\/tuulivahtra.com\/et\/wp-json\/wp\/v2\/pages\/56199","targetHints":{"allow":["GET"]}}],"collection":[{"href":"https:\/\/tuulivahtra.com\/et\/wp-json\/wp\/v2\/pages"}],"about":[{"href":"https:\/\/tuulivahtra.com\/et\/wp-json\/wp\/v2\/types\/page"}],"author":[{"embeddable":true,"href":"https:\/\/tuulivahtra.com\/et\/wp-json\/wp\/v2\/users\/1"}],"replies":[{"embeddable":true,"href":"https:\/\/tuulivahtra.com\/et\/wp-json\/wp\/v2\/comments?post=56199"}],"version-history":[{"count":5,"href":"https:\/\/tuulivahtra.com\/et\/wp-json\/wp\/v2\/pages\/56199\/revisions"}],"predecessor-version":[{"id":56965,"href":"https:\/\/tuulivahtra.com\/et\/wp-json\/wp\/v2\/pages\/56199\/revisions\/56965"}],"wp:featuredmedia":[{"embeddable":true,"href":"https:\/\/tuulivahtra.com\/et\/wp-json\/wp\/v2\/media\/56243"}],"wp:attachment":[{"href":"https:\/\/tuulivahtra.com\/et\/wp-json\/wp\/v2\/media?parent=56199"}],"curies":[{"name":"wp","href":"https:\/\/api.w.org\/{rel}","templated":true}]}}