{"id":56974,"date":"2020-02-24T16:11:15","date_gmt":"2020-02-24T16:11:15","guid":{"rendered":"https:\/\/tuulivahtra.com\/terms-of-service\/"},"modified":"2026-01-10T14:51:56","modified_gmt":"2026-01-10T14:51:56","slug":"kasutustingimused","status":"publish","type":"page","link":"https:\/\/tuulivahtra.com\/et\/kasutustingimused\/","title":{"rendered":"Kasutustingimused"},"content":{"rendered":"<div class=\"wpb-content-wrapper\">[vc_row][vc_column][vc_column_text css=&#8221;&#8221;]Mul on hea meel, et k\u00fclastad minu kodulehte ja tunned huvi minu t\u00f6\u00f6 vastu. Allpool leiad kasutustingimused kodulehe kasutamiseks ning Tuuli Coaching O\u00dc kaudu pakutavate teenuste kasutamiseks.\r\n\r\nMina, Tuuli Vahtra, osutan teenuseid ettev\u00f5tte Tuuli Coaching O\u00dc (registrikood:\u00a014887811) kaudu (\u201cTeenusepakkuja\u201d). Need tingimused kehtivad selle kodulehe (edaspidi \u201cLeht\u201d) kasutamisele ning minu teenuste ja pakkumiste broneerimisele ja ostmisele.\r\n\r\n&nbsp;\r\n\r\n<strong>1. Teenused<\/strong>\r\n\r\nMa pakun:\r\n<ul>\r\n \t<li>1:1 n\u00f5ustamist ja <em>coaching<\/em>\u2019ut,<\/li>\r\n \t<li>p\u00f5hjalikumaid 1:1 seansse sisemise t\u00f6\u00f6 fookusega (sh Terviklikkuse protsess, sisemiste osadega t\u00f6\u00f6, juhendatud meditatsioonid ja muud toetavad trauma-teadlikud meetodid vastavalt vajadusele),<\/li>\r\n \t<li><em>online<\/em> ja kohapealseid kursuseid ja s\u00fcndmuseid.<\/li>\r\n<\/ul>\r\nVanusepiirang: eraseansid on m\u00f5eldud ainult t\u00e4iskasvanutele. Alaealiste osalemine s\u00fcndmustel v\u00f5ib olla v\u00f5imalik koos lapsevanema\/eestkostjaga ja eelneval kokkuleppel, kui see on asjakohane.\r\n\r\n&nbsp;\r\n\r\n<strong>2. Broneerimine, seansi formaat ja sinu vastutus<\/strong>\r\n\r\nSeansid broneeritakse \u00fcldjuhul e-kirja teel v\u00f5i lepitakse kokku seansi l\u00f5pus.\r\n\r\nSeansside kestus ja formaat varieeruvad vastavalt teenusele. Aktuaalne \u00fclevaade on kirjas selle Lehe alamlehel <a href=\"https:\/\/tuulivahtra.com\/et\/eravastuvott\/\">Eravastuv\u00f5tt<\/a>.\r\n\r\nOnline-seansi puhul vastutad, et sul on:\r\n<ul>\r\n \t<li>stabiilne interneti\u00fchendus,<\/li>\r\n \t<li>privaatne ja videok\u00f5neks sobiv ruum,<\/li>\r\n \t<li>tehniline valmisolek ning \u00f5igeaegne kohalolek.<\/li>\r\n<\/ul>\r\n&nbsp;\r\n\r\n<strong>3. Hinnad ja tasumine<\/strong>\r\n\r\nHinnakiri on avaldatud selle Lehe <a href=\"https:\/\/tuulivahtra.com\/et\/hinnakiri\/\">Hinnakirja<\/a> lehel ja\/v\u00f5i lepitakse sinuga eraldi kokku.\r\n\r\nMaksetingimused lepitakse iga kliendiga eraldi kokku. \u00dcldjuhul tasutakse <em>online<\/em>-seansid ette ning kohapealsed seansid kas ette v\u00f5i seansi p\u00e4eval.\r\n\r\nSoovi korral saan arve saata e-posti teel.\r\n\r\n&nbsp;\r\n\r\n<strong>4. T\u00fchistamine, broneeringu muutmine ja hilinemine<\/strong>\r\n\r\nPalun anna t\u00fchistamisest v\u00f5i broneeringu muutmise soovitust teada <strong>v\u00e4hemalt 24 tundi seansi algust<\/strong>.\r\n\r\nHilise t\u00fchistamise ja mitteilmumise korral on \u00f5igus k\u00fcsida tasu kuni t\u00e4issummas. Palun anna hilise t\u00fchistamise v\u00f5i mitteilmumise korral teada p\u00f5hjus, et saaksin etten\u00e4gematute olukordade puhul kaaluda erandi tegemist.\r\n\r\nKui hilined, v\u00f5ib seanss l\u00fcheneda, tasu j\u00e4\u00e4b samaks. M\u00f5nel juhul v\u00f5ime kokku leppida hilisema alguse ja sama kestuse \u2013 s\u00f5ltuvalt selle p\u00e4eva v\u00f5imalustest.\r\n\r\n&nbsp;\r\n\r\n<strong>5. Paketid<\/strong>\r\n\r\nKui ostad paketi, siis paketis sisalduvaid seansse saab kasutada <strong>6 kuu jooksul<\/strong> alates ostukuup\u00e4evast, kui pole kokku lepitud teisiti. Paketid on m\u00f5eldud \u00fchele kliendile ning ei ole \u00fclekantavad, kui ma pole seda eraldi kinnitanud.\r\n\r\nPaketid tasutakse \u00fcldjuhul t\u00e4ies mahus ette, kui me pole erandjuhul teisiti kokku leppinud.\r\n\r\n&nbsp;\r\n\r\n<strong>6. Digitaalsed tooted, kursused ja s\u00fcndmused<\/strong>\r\n\r\nAeg-ajalt v\u00f5in pakkuda<em> online<\/em> ja kohapealseid kursusi ja s\u00fcndmusi.\r\n\r\nIgal kursusel v\u00f5i s\u00fcndmusel v\u00f5ivad olla eraldi tingimused (kestus, materjalid, broneeringu muutmise tingimused, tagastused jm). Need tingimused tuuakse v\u00e4lja vastava pakkumise lehel ja\/v\u00f5i ostu sooritamisel ning need moodustavad osa kokkuleppest.\r\n\r\nKui ligip\u00e4\u00e4s digitaalsele sisule on juba v\u00f5imaldatud, siis digitaalsisu \u00fcldjuhul ei kuulu tagastamisele, kui konkreetse kursuse v\u00f5i s\u00fcndmuse juures pole \u00f6eldud teisiti.\r\n\r\nKindla kuup\u00e4eva v\u00f5i perioodiga kohapealsete s\u00fcndmuste puhul v\u00f5ivad kehtida teistsugused t\u00fchistamis- ja tagastustingimused kui tavap\u00e4raste <em>online<\/em>-ostude puhul.\r\n\r\n&nbsp;\r\n\r\n<strong>7. Oluline t\u00e4psustus \u2013 mitte meditsiiniline abi<\/strong>\r\n\r\nLehel avaldatud info ja minu teenused on informatiivse ning enesearengu eesm\u00e4rgiga ning ei ole meditsiiniline ega ps\u00fchhiaatriline diagnoos, ravi ega erakorraline abi.\r\n\r\nMinu teenused ei asenda arstiabi, ps\u00fchhiaatrilist ravi ega kriisiabi. \u00c4geda tervisemure, kriisi v\u00f5i ohu korral p\u00f6\u00f6rdu 112 v\u00f5i tervishoiut\u00f6\u00f6taja poole.\r\n\r\n&nbsp;\r\n\r\n<strong>8. Tulemused v\u00f5ivad erineda<\/strong>\r\n\r\nIga seanss, kursus v\u00f5i s\u00fcndmus on individuaalne kogemus. Tulemused v\u00f5ivad erineda s\u00f5ltuvalt isiklikust taustast, vajadustest, osalusest ja paljudest muudest teguritest. Konkreetseid tulemusi ei saa garanteerita.\r\n\r\n&nbsp;\r\n\r\n<strong>9. Konfidentsiaalsus ja privaatsus<\/strong>\r\n\r\nAustan oma t\u00f6\u00f6s konfidentsiaalsust. Isikuandmete t\u00f6\u00f6tlemise detailid on kirjas selle Lehe Privaatsusteatises.\r\n\r\nKonfidentsiaalsus v\u00f5ib olla piiratud juhtudel, kus info avaldamine on seadusest tulenevalt kohustuslik v\u00f5i vajalik t\u00f5sise ohuga seoses.\r\n\r\n&nbsp;\r\n\r\n<strong>10. Intellektuaalne omand<\/strong>\r\n\r\nKui pole m\u00e4rgitud teisiti, kuulub selle Lehe sisu ettev\u00f5ttele Tuuli Coaching O\u00dc \/ Tuuli Vahtrale ning on kaitstud intellektuaalse omandi \u00f5igustega. Lehe sisu v\u00f5ib vaadata, alla laadida v\u00f5i v\u00e4lja printida isiklikuks, mitte\u00e4riliseks kasutuseks. Lehe sisu taasavaldamine v\u00f5i levitamine eeldab eelnevat kirjalikku luba.\r\n\r\n&nbsp;\r\n\r\n<strong>11. Kodulehe info ja kolmandate osapoolte lingid<\/strong>\r\n\r\nP\u00fc\u00fcan hoida selle Lehe infot korrektse ja ajakohasena, kuid Lehel v\u00f5ib aeg-ajalt esineda vigu, puuduj\u00e4\u00e4ke v\u00f5i aegunud infot. Ma ei garanteeri, et kogu sisu on t\u00e4ielik, t\u00e4pne v\u00f5i alati ajakohane. Kui m\u00e4rkad midagi, mis tundub vale v\u00f5i aegunud, oled v\u00e4ga oodatud sellest teada andma.\r\n\r\nLehel v\u00f5ib olla linke kolmandate osapoolte veebilehtedele. Ma ei kontrolli neid lehti ning ei vastuta nende sisu, poliitikate ega teenuste eest.\r\n\r\n&nbsp;\r\n\r\n<!-- \/wp:post-content --><strong>12. Vastutuse piirang<\/strong>\r\n\r\nSeadusega lubatud ulatuses ei vastuta ma kaudse v\u00f5i otsese saamata j\u00e4\u00e4nud tulu ja muu kahju eest, mis tuleneb Lehe v\u00f5i teenuste kasutamisest.\r\n\r\n&nbsp;\r\n\r\n<!-- \/wp:paragraph --><strong>13. Kohaldatav \u00f5igus ja vaidluste lahendamine<\/strong>\r\n\r\nTingimustele kohaldub Eesti \u00f5igus. Kui oled tarbija ja sinu elukohariigi kohustuslikud tarbijakaitsenormid kohalduvad, siis k\u00e4esolevad tingimused ei piira nende kohustuslike normide kohaldumist.\r\n\r\nKui sul on mure v\u00f5i k\u00fcsimus, palun v\u00f5ta esmalt \u00fchendust (vt allpool Kontakt), et saaksime proovida olukorra lahendada kokkuleppel. Vajadusel lahendatakse vaidlused Eesti kohtutes, arvestades kohustuslikke tarbija\u00f5igusi ja kohtualluvuse reegleid.\r\n\r\n&nbsp;\r\n\r\n<!-- \/wp:paragraph --><strong>14. Kontakt<\/strong>\r\n\r\nK\u00fcsimuste korral palun kirjuta: tuuli@tuulivahtra.com\r\n\r\n&nbsp;\r\n\r\n<strong>15. Muudatused tingimustes<\/strong>\r\n\r\nV\u00f5in neid tingimusi aeg-ajalt uuendada, avaldades Lehel uue versiooni. \u201cViimati uuendatud\u201d kuup\u00e4ev n\u00e4itab viimast muudatust.\r\n\r\n&nbsp;\r\n\r\n<!-- \/wp:paragraph --><strong>Viimati uuendatud<\/strong>: 10.01.2026.\r\n\r\n[\/vc_column_text][\/vc_column][\/vc_row]<!-- \/wp:freeform --><\/div>","protected":false},"excerpt":{"rendered":"<p>[vc_row][vc_column][vc_column_text css=&#8221;&#8221;]Mul on hea meel, et k\u00fclastad minu kodulehte ja tunned huvi minu t\u00f6\u00f6 vastu. Allpool leiad kasutustingimused kodulehe kasutamiseks ning Tuuli Coaching O\u00dc kaudu pakutavate teenuste kasutamiseks. Mina, Tuuli Vahtra, osutan teenuseid ettev\u00f5tte Tuuli Coaching O\u00dc (registrikood:\u00a014887811) kaudu (\u201cTeenusepakkuja\u201d). Need tingimused kehtivad selle kodulehe (edaspidi \u201cLeht\u201d) kasutamisele ning minu teenuste ja pakkumiste broneerimisele ja&hellip;<\/p>\n","protected":false},"author":1,"featured_media":0,"parent":0,"menu_order":0,"comment_status":"closed","ping_status":"closed","template":"","meta":{"iawp_total_views":1,"footnotes":""},"class_list":["post-56974","page","type-page","status-publish","hentry","description-off"],"yoast_head":"<!-- This site is optimized with the Yoast SEO plugin v27.3 - https:\/\/yoast.com\/product\/yoast-seo-wordpress\/ -->\n<title>Kasutustingimused &#8211; Tuuli Coaching O\u00dc<\/title>\n<meta name=\"description\" content=\"Allpool leiad kasutustingimused kodulehe kasutamiseks ning Tuuli Coaching O\u00dc kaudu pakutavate teenuste broneerimiseks.\" \/>\n<meta name=\"robots\" content=\"noindex, nofollow\" \/>\n<meta property=\"og:locale\" content=\"et_EE\" \/>\n<meta property=\"og:type\" content=\"article\" \/>\n<meta property=\"og:title\" content=\"Kasutustingimused &#8211; Tuuli Coaching O\u00dc\" \/>\n<meta property=\"og:description\" content=\"Allpool leiad kasutustingimused kodulehe kasutamiseks ning Tuuli Coaching O\u00dc kaudu pakutavate teenuste broneerimiseks.\" \/>\n<meta property=\"og:url\" content=\"https:\/\/tuulivahtra.com\/et\/kasutustingimused\/\" \/>\n<meta property=\"og:site_name\" content=\"Tuuli Vahtra\" \/>\n<meta property=\"article:modified_time\" content=\"2026-01-10T14:51:56+00:00\" \/>\n<meta name=\"twitter:card\" content=\"summary_large_image\" \/>\n<meta name=\"twitter:label1\" content=\"Est. reading time\" \/>\n\t<meta name=\"twitter:data1\" content=\"4 minutit\" \/>\n<script type=\"application\/ld+json\" class=\"yoast-schema-graph\">{\"@context\":\"https:\\\/\\\/schema.org\",\"@graph\":[{\"@type\":\"WebPage\",\"@id\":\"https:\\\/\\\/tuulivahtra.com\\\/et\\\/kasutustingimused\\\/\",\"url\":\"https:\\\/\\\/tuulivahtra.com\\\/et\\\/kasutustingimused\\\/\",\"name\":\"Kasutustingimused &#8211; Tuuli Coaching O\u00dc\",\"isPartOf\":{\"@id\":\"https:\\\/\\\/tuulivahtra.com\\\/et\\\/#website\"},\"datePublished\":\"2020-02-24T16:11:15+00:00\",\"dateModified\":\"2026-01-10T14:51:56+00:00\",\"description\":\"Allpool leiad kasutustingimused kodulehe kasutamiseks ning Tuuli Coaching O\u00dc kaudu pakutavate teenuste broneerimiseks.\",\"breadcrumb\":{\"@id\":\"https:\\\/\\\/tuulivahtra.com\\\/et\\\/kasutustingimused\\\/#breadcrumb\"},\"inLanguage\":\"et\",\"potentialAction\":[{\"@type\":\"ReadAction\",\"target\":[\"https:\\\/\\\/tuulivahtra.com\\\/et\\\/kasutustingimused\\\/\"]}]},{\"@type\":\"BreadcrumbList\",\"@id\":\"https:\\\/\\\/tuulivahtra.com\\\/et\\\/kasutustingimused\\\/#breadcrumb\",\"itemListElement\":[{\"@type\":\"ListItem\",\"position\":1,\"name\":\"Home\",\"item\":\"https:\\\/\\\/tuulivahtra.com\\\/et\\\/\"},{\"@type\":\"ListItem\",\"position\":2,\"name\":\"Kasutustingimused\"}]},{\"@type\":\"WebSite\",\"@id\":\"https:\\\/\\\/tuulivahtra.com\\\/et\\\/#website\",\"url\":\"https:\\\/\\\/tuulivahtra.com\\\/et\\\/\",\"name\":\"Tuuli Vahtra\",\"description\":\"\",\"publisher\":{\"@id\":\"https:\\\/\\\/tuulivahtra.com\\\/et\\\/#organization\"},\"potentialAction\":[{\"@type\":\"SearchAction\",\"target\":{\"@type\":\"EntryPoint\",\"urlTemplate\":\"https:\\\/\\\/tuulivahtra.com\\\/et\\\/?s={search_term_string}\"},\"query-input\":{\"@type\":\"PropertyValueSpecification\",\"valueRequired\":true,\"valueName\":\"search_term_string\"}}],\"inLanguage\":\"et\"},{\"@type\":\"Organization\",\"@id\":\"https:\\\/\\\/tuulivahtra.com\\\/et\\\/#organization\",\"name\":\"Tuuli Coaching O\u00dc\",\"url\":\"https:\\\/\\\/tuulivahtra.com\\\/et\\\/\",\"logo\":{\"@type\":\"ImageObject\",\"inLanguage\":\"et\",\"@id\":\"https:\\\/\\\/tuulivahtra.com\\\/et\\\/#\\\/schema\\\/logo\\\/image\\\/\",\"url\":\"http:\\\/\\\/tuulivahtra.com\\\/wp-content\\\/uploads\\\/2019\\\/07\\\/Tuuli-Vahtra-website.png\",\"contentUrl\":\"http:\\\/\\\/tuulivahtra.com\\\/wp-content\\\/uploads\\\/2019\\\/07\\\/Tuuli-Vahtra-website.png\",\"width\":100,\"height\":101,\"caption\":\"Tuuli Coaching O\u00dc\"},\"image\":{\"@id\":\"https:\\\/\\\/tuulivahtra.com\\\/et\\\/#\\\/schema\\\/logo\\\/image\\\/\"}}]}<\/script>\n<!-- \/ Yoast SEO plugin. -->","yoast_head_json":{"title":"Kasutustingimused &#8211; Tuuli Coaching O\u00dc","description":"Allpool leiad kasutustingimused kodulehe kasutamiseks ning Tuuli Coaching O\u00dc kaudu pakutavate teenuste broneerimiseks.","robots":{"index":"noindex","follow":"nofollow"},"og_locale":"et_EE","og_type":"article","og_title":"Kasutustingimused &#8211; Tuuli Coaching O\u00dc","og_description":"Allpool leiad kasutustingimused kodulehe kasutamiseks ning Tuuli Coaching O\u00dc kaudu pakutavate teenuste broneerimiseks.","og_url":"https:\/\/tuulivahtra.com\/et\/kasutustingimused\/","og_site_name":"Tuuli Vahtra","article_modified_time":"2026-01-10T14:51:56+00:00","twitter_card":"summary_large_image","twitter_misc":{"Est. reading time":"4 minutit"},"schema":{"@context":"https:\/\/schema.org","@graph":[{"@type":"WebPage","@id":"https:\/\/tuulivahtra.com\/et\/kasutustingimused\/","url":"https:\/\/tuulivahtra.com\/et\/kasutustingimused\/","name":"Kasutustingimused &#8211; Tuuli Coaching O\u00dc","isPartOf":{"@id":"https:\/\/tuulivahtra.com\/et\/#website"},"datePublished":"2020-02-24T16:11:15+00:00","dateModified":"2026-01-10T14:51:56+00:00","description":"Allpool leiad kasutustingimused kodulehe kasutamiseks ning Tuuli Coaching O\u00dc kaudu pakutavate teenuste broneerimiseks.","breadcrumb":{"@id":"https:\/\/tuulivahtra.com\/et\/kasutustingimused\/#breadcrumb"},"inLanguage":"et","potentialAction":[{"@type":"ReadAction","target":["https:\/\/tuulivahtra.com\/et\/kasutustingimused\/"]}]},{"@type":"BreadcrumbList","@id":"https:\/\/tuulivahtra.com\/et\/kasutustingimused\/#breadcrumb","itemListElement":[{"@type":"ListItem","position":1,"name":"Home","item":"https:\/\/tuulivahtra.com\/et\/"},{"@type":"ListItem","position":2,"name":"Kasutustingimused"}]},{"@type":"WebSite","@id":"https:\/\/tuulivahtra.com\/et\/#website","url":"https:\/\/tuulivahtra.com\/et\/","name":"Tuuli Vahtra","description":"","publisher":{"@id":"https:\/\/tuulivahtra.com\/et\/#organization"},"potentialAction":[{"@type":"SearchAction","target":{"@type":"EntryPoint","urlTemplate":"https:\/\/tuulivahtra.com\/et\/?s={search_term_string}"},"query-input":{"@type":"PropertyValueSpecification","valueRequired":true,"valueName":"search_term_string"}}],"inLanguage":"et"},{"@type":"Organization","@id":"https:\/\/tuulivahtra.com\/et\/#organization","name":"Tuuli Coaching O\u00dc","url":"https:\/\/tuulivahtra.com\/et\/","logo":{"@type":"ImageObject","inLanguage":"et","@id":"https:\/\/tuulivahtra.com\/et\/#\/schema\/logo\/image\/","url":"http:\/\/tuulivahtra.com\/wp-content\/uploads\/2019\/07\/Tuuli-Vahtra-website.png","contentUrl":"http:\/\/tuulivahtra.com\/wp-content\/uploads\/2019\/07\/Tuuli-Vahtra-website.png","width":100,"height":101,"caption":"Tuuli Coaching O\u00dc"},"image":{"@id":"https:\/\/tuulivahtra.com\/et\/#\/schema\/logo\/image\/"}}]}},"_links":{"self":[{"href":"https:\/\/tuulivahtra.com\/et\/wp-json\/wp\/v2\/pages\/56974","targetHints":{"allow":["GET"]}}],"collection":[{"href":"https:\/\/tuulivahtra.com\/et\/wp-json\/wp\/v2\/pages"}],"about":[{"href":"https:\/\/tuulivahtra.com\/et\/wp-json\/wp\/v2\/types\/page"}],"author":[{"embeddable":true,"href":"https:\/\/tuulivahtra.com\/et\/wp-json\/wp\/v2\/users\/1"}],"replies":[{"embeddable":true,"href":"https:\/\/tuulivahtra.com\/et\/wp-json\/wp\/v2\/comments?post=56974"}],"version-history":[{"count":5,"href":"https:\/\/tuulivahtra.com\/et\/wp-json\/wp\/v2\/pages\/56974\/revisions"}],"predecessor-version":[{"id":56982,"href":"https:\/\/tuulivahtra.com\/et\/wp-json\/wp\/v2\/pages\/56974\/revisions\/56982"}],"wp:attachment":[{"href":"https:\/\/tuulivahtra.com\/et\/wp-json\/wp\/v2\/media?parent=56974"}],"curies":[{"name":"wp","href":"https:\/\/api.w.org\/{rel}","templated":true}]}}