{"id":56987,"date":"2020-02-23T21:58:08","date_gmt":"2020-02-23T21:58:08","guid":{"rendered":"https:\/\/tuulivahtra.com\/privacy-policy\/"},"modified":"2026-01-13T08:26:53","modified_gmt":"2026-01-13T08:26:53","slug":"privaatsuspoliitika","status":"publish","type":"page","link":"https:\/\/tuulivahtra.com\/et\/privaatsuspoliitika\/","title":{"rendered":"Privaatsuspoliitika"},"content":{"rendered":"<div class=\"wpb-content-wrapper\"><p>[vc_row][vc_column][vc_column_text css=&#8221;&#8221;]Ait\u00e4h, et k\u00fclastad minu veebilehte. K\u00e4esolev privaatsuspoliitika selgitab, kuidas mina, Tuuli Vahtra, teenusepakkujana l\u00e4bi ettev\u00f5tte Tuuli Coaching O\u00dc (registrikood: 14887811) (\u201cmina\u201d, \u201cteenusepakkuja\u201d), kogun ja kasutan isikuandmeid, kui kasutad seda veebilehte (edaspidi \u201cVeebileht\u201d), v\u00f5tad minuga \u00fchendust v\u00f5i soetad teenuseid, kursuseid v\u00f5i \u00fcrituste pileteid.<\/p>\n<p>&nbsp;<\/p>\n<p><strong>1. Vastutav t\u00f6\u00f6tleja ja kontakt<\/strong><\/p>\n<p>Vastutav t\u00f6\u00f6tleja: Tuuli Coaching O\u00dc (registrikood: 14887811)<br \/>\nTeenusepakkuja: Tuuli Vahtra<br \/>\nE-post: tuuli@tuulivahtra.com<br \/>\nVeebileht: tuulivahtra.com<\/p>\n<p>&nbsp;<\/p>\n<p><strong>2. Milliseid isikuandmeid v\u00f5in t\u00f6\u00f6delda<\/strong><\/p>\n<p>S\u00f5ltuvalt sellest, kuidas sa minuga suhtled, v\u00f5in t\u00f6\u00f6delda j\u00e4rgmisi isikuandmeid:<\/p>\n<ul>\n<li>Kontaktandmed \u2013 nimi, e-posti aadress, telefoninumber, riik\/asukoht ja ajav\u00f6\u00f6nd<\/li>\n<li>Uue kliendi vorm \/ eelteave \u2013 s\u00fcnniaeg (valikuline) ning info, mida otsustad jagada oma tausta, v\u00e4ljakutsete, eesm\u00e4rkide ja muude detailide kohta, mis aitavad mul teenust pakkuda<\/li>\n<li>Suhtlus \u2013 e-kirjade\/s\u00f5numite sisu, mille mulle saadad<\/li>\n<li>Sotsiaalmeedia suhtlus (valikuline) \u2013 kui v\u00f5tad minuga \u00fchendust v\u00f5i suhtled minu sisuga sotsiaalmeedias, v\u00f5in n\u00e4ha ja t\u00f6\u00f6delda infot, mida seal jagad (nt sinu avalik profiilinimi ja s\u00f5numid\/kommentaarid). Sotsiaalmeedia platvormid t\u00f6\u00f6tlevad sinu andmeid vastavalt oma reeglitele.<\/li>\n<li>Broneeringu ja teenuse info \u2013 kohtumiste ajad, teenuse t\u00fc\u00fcp, paketi\/kursuse\/\u00fcrituse ostuinfo<\/li>\n<li>Arveldamise ja maksete info \u2013 arved, maksete staatus ja seotud raamatupidamisandmed (ma ei salvesta t\u00e4ies mahus kaardiandmeid, kui makseid vahendab makseteenuse pakkuja)<\/li>\n<li>Uudiskirja andmed (kui liitud uudiskirjaga) \u2013 sinu e-posti aadress ja kaasatuse info (s\u00f5ltuvalt uudiskirja platvormist ja sinu seadistustest)<\/li>\n<li>Tehnilised andmed \u2013 IP-aadress, seadme\/brauseri info ja veebilehe turvalisuse ning toimimise jaoks vajalik kasutus- v\u00f5i logiinfo<\/li>\n<li>K\u00fcpsiste ja sarnaste tehnoloogiate identifikaatorid \u2013 vajadusel (vt punkt 8)<\/li>\n<\/ul>\n<p>&nbsp;<\/p>\n<p><strong>3. Eesm\u00e4rgid ja \u00f5iguslikud alused<\/strong><\/p>\n<p>T\u00f6\u00f6tlen isikuandmeid j\u00e4rgmistel eesm\u00e4rkidel ja \u00f5iguslikel alustel:<\/p>\n<ul>\n<li>Teenuste, kursuste ja \u00fcrituste pakkumine ning haldamine (broneeringud, teenuse osutamine, klienditugi) \u2013 lepingu t\u00e4itmine<\/li>\n<li>Suhtlus ja p\u00e4ringutele vastamine \u2013 \u00f5igustatud huvi ja\/v\u00f5i sinu p\u00e4ringule vastamine ning broneeringu kokkuleppimine<\/li>\n<li>Arveldamine ja raamatupidamine \u2013 juriidiline kohustus ja\/v\u00f5i \u00f5igustatud huvi<\/li>\n<li>Veebilehe turvalisus ja p\u00f5hiline toimimine \u2013 \u00f5igustatud huvi<\/li>\n<li>Uudiskiri ja turunduskommunikatsioon \u2013 n\u00f5usolek (saad n\u00f5usoleku igal ajal tagasi v\u00f5tta)<\/li>\n<li>Anal\u00fc\u00fctika \u2013 k\u00fcpsiste kasutamisel n\u00f5usolek (Google Analytics)<\/li>\n<\/ul>\n<p>&nbsp;<\/p>\n<p><strong>4. Eriliiki isikuandmed<\/strong><\/p>\n<p>Kui otsustad n\u00f5ustamise, coachingu v\u00f5i siset\u00f6\u00f6 k\u00e4igus jagada tundlikku infot (n\u00e4iteks tervisega seotud infot), k\u00e4sitlen seda konfidentsiaalselt ning t\u00f6\u00f6tlen seda ainult soovitud teenuse osutamiseks, asjakohaste kaitsemeetmetega ning vajadusel \u2013 sinu selges\u00f5nalise n\u00f5usoleku ja\/v\u00f5i muu kohaldatava \u00f5igusliku aluse alusel.<\/p>\n<p>&nbsp;<\/p>\n<p><strong>5. Kellega v\u00f5in andmeid jagada<\/strong><\/p>\n<p>Jagan isikuandmeid ainult minimaalses vajalikus mahus usaldusv\u00e4\u00e4rsete teenusepakkujatega, kes aitavad mul \u00e4ritegevust korraldada ja teenuseid osutada (ning kes t\u00f6\u00f6tlevad andmeid minu nimel), n\u00e4iteks:<\/p>\n<ul>\n<li>Veebimajutuse pakkuja \u2013 Elkdata O\u00dc (Veebimajutus.ee)<\/li>\n<li>E-posti teenusepakkuja \u2013 Google (Gmail \/ Google Workspace)<\/li>\n<li>Videok\u00f5ned \u2013 Zoom Video Communications, Inc.<\/li>\n<li>Raamatupidamine ja arveldamine \u2013 teenusepakkujad, kes toetavad raamatupidamist ja arveldamist<\/li>\n<li>Maksete vahendamine \u2013 pangad (panga\u00fclekannete jaoks) ning rahvusvaheliste maksete puhul v\u00f5in kasutada ka Stripe\u2019i ja\/v\u00f5i PayPali<\/li>\n<li>Lehe anal\u00fc\u00fctika \u2013 Google Analytics (n\u00f5usoleku alusel), Matomo (\u00fcldine kasutusstatistika ilma k\u00fcpsiseid salvestamata)<\/li>\n<\/ul>\n<p>Ma ei m\u00fc\u00fc sinu isikuandmeid.<\/p>\n<p>&nbsp;<\/p>\n<p><strong>6. Rahvusvahelised edastused<\/strong><\/p>\n<p>M\u00f5ned teenusepakkujad v\u00f5ivad t\u00f6\u00f6delda andmeid v\u00e4ljaspool Euroopa Majanduspiirkonda (EMP). Vajadusel on sellised edastused kaitstud asjakohaste kaitsemeetmetega (n\u00e4iteks ELi standardsed lepingutingimused) v\u00f5i muude seaduslike edastusmehhanismidega.<\/p>\n<p>&nbsp;<\/p>\n<p><strong>7. S\u00e4ilitamine<\/strong><\/p>\n<p>S\u00e4ilitan isikuandmeid ainult nii kaua, kui see on vajalik k\u00e4esolevas privaatsuspoliitikas kirjeldatud eesm\u00e4rkidel ning seadusest tulenevate kohustuste t\u00e4itmiseks (n\u00e4iteks raamatupidamisandmed). S\u00e4ilitamisperioodid v\u00f5ivad erineda s\u00f5ltuvalt andmete liigist ja eesm\u00e4rgist.<br \/>\nSoovi korral saad paluda oma andmete kustutamist ning ma teen seda v\u00f5imalusel \u2013 kuid osa andmeid v\u00f5ib olla vaja s\u00e4ilitada seadusest tulenevate kohustuste t\u00e4itmiseks.<\/p>\n<p>&nbsp;<\/p>\n<p><strong>8. K\u00fcpsised ja sarnased tehnoloogiad<\/strong><\/p>\n<p>See veebileht kasutab k\u00fcpsiseid, mis on vajalikud veebilehe p\u00f5hifunktsioonide toimimiseks (nt turvalisus ja keele-eelistus). Need k\u00fcpsised on alati lubatud. Sinu n\u00f5usolekul on kasutusel ka anal\u00fc\u00fctika k\u00fcpsiseid (Google Analytics), et m\u00f5ista, kuidas veebilehte kasutatakse ja seda parendada. Saad oma eelistusi igal ajal muuta k\u00fcpsise-eelistuste seadetes: <a role='button' tabindex='0' class=\"cli_settings_button\">Muuda eelistusi<\/a>.<\/p>\n<p>Lisaks v\u00f5in kasutada ka k\u00fcpsisteta veebianal\u00fc\u00fctikat (n\u00e4iteks Matomo), et m\u00f5\u00f5ta veebilehe \u00fcldist kasutust (n\u00e4iteks, kui palju kordi lehti on vaadatud) ilma k\u00fcpsiseid salvestamata. See aitab mul m\u00f5ista, milline sisu on kasulik, ja veebilehte parandada.<\/p>\n<p>&nbsp;<\/p>\n<p><strong>9. Sinu \u00f5igused<\/strong><\/p>\n<p>S\u00f5ltuvalt olukorrast v\u00f5ib sul olla \u00f5igus taotleda ligip\u00e4\u00e4su oma andmetele, nende parandamist, kustutamist, t\u00f6\u00f6tlemise piiramist, esitada vastuv\u00e4ide ning andmete \u00fclekandmist. Samuti on sul \u00f5igus igal ajal n\u00f5usolek tagasi v\u00f5tta, kui t\u00f6\u00f6tlemine p\u00f5hineb n\u00f5usolekul. Sul on ka \u00f5igus esitada kaebus oma kohaliku andmekaitse j\u00e4relevalveasutuse poole.<\/p>\n<p>&nbsp;<\/p>\n<p><strong>10. Turvalisus<\/strong><\/p>\n<p>Rakendan asjakohaseid tehnilisi ja korralduslikke meetmeid isikuandmete kaitsmiseks. Kuigi hoolitsen selle eest, et sinu andmed oleksid turvalised, ei ole \u00fckski internetip\u00f5hine edastus- ega salvestusviis t\u00e4iesti riskivaba.<br \/>\nKui pean isiklikke t\u00f6\u00f6alaseid m\u00e4rkmeid, p\u00fc\u00fcan neis v\u00e4hendada tuvastatavaid detaile ning hoian m\u00e4rkmeid turvaliselt.<\/p>\n<p>&nbsp;<\/p>\n<p><strong>11. Muudatused<\/strong><\/p>\n<p>V\u00f5in k\u00e4esolevat privaatsuspoliitikat aeg-ajalt uuendada. \u201cViimati uuendatud\u201d kuup\u00e4ev n\u00e4itab viimaseid muudatusi.<\/p>\n<p>&nbsp;<\/p>\n<p><strong>12. K\u00fcsimused<\/strong><\/p>\n<p>Kui sul on k\u00fcsimusi k\u00e4esoleva privaatsuspoliitika v\u00f5i sinu isikuandmete kohta, v\u00f5ta minuga \u00fchendust e-posti teel: tuuli@tuulivahtra.com.<\/p>\n<p>&nbsp;<\/p>\n<p>Viimati uuendatud: 13.01.2026[\/vc_column_text][\/vc_column][\/vc_row]<\/p>\n<\/div>","protected":false},"excerpt":{"rendered":"<p>[vc_row][vc_column][vc_column_text css=&#8221;&#8221;]Ait\u00e4h, et k\u00fclastad minu veebilehte. K\u00e4esolev privaatsuspoliitika selgitab, kuidas mina, Tuuli Vahtra, teenusepakkujana l\u00e4bi ettev\u00f5tte Tuuli Coaching O\u00dc (registrikood: 14887811) (\u201cmina\u201d, \u201cteenusepakkuja\u201d), kogun ja kasutan isikuandmeid, kui kasutad seda veebilehte (edaspidi \u201cVeebileht\u201d), v\u00f5tad minuga \u00fchendust v\u00f5i soetad teenuseid, kursuseid v\u00f5i \u00fcrituste pileteid. &nbsp; 1. Vastutav t\u00f6\u00f6tleja ja kontakt Vastutav t\u00f6\u00f6tleja: Tuuli Coaching O\u00dc (registrikood:&hellip;<\/p>\n","protected":false},"author":1,"featured_media":0,"parent":0,"menu_order":0,"comment_status":"closed","ping_status":"closed","template":"","meta":{"iawp_total_views":1,"footnotes":""},"class_list":["post-56987","page","type-page","status-publish","hentry","description-off"],"yoast_head":"<!-- This site is optimized with the Yoast SEO plugin v27.3 - https:\/\/yoast.com\/product\/yoast-seo-wordpress\/ -->\n<title>Privaatsuspoliitika &#8211; Tuuli Coaching O\u00dc<\/title>\n<meta name=\"description\" content=\"Privaatsuspoliitika selgitab, kuidas kogun ja kasutan isikuandmeid, kui kasutad seda veebilehte, v\u00f5tad minuga \u00fchendust v\u00f5i soetad teenuseid.\" \/>\n<meta name=\"robots\" content=\"noindex, nofollow\" \/>\n<meta property=\"og:locale\" content=\"et_EE\" \/>\n<meta property=\"og:type\" content=\"article\" \/>\n<meta property=\"og:title\" content=\"Privaatsuspoliitika &#8211; Tuuli Coaching O\u00dc\" \/>\n<meta property=\"og:description\" content=\"Privaatsuspoliitika selgitab, kuidas kogun ja kasutan isikuandmeid, kui kasutad seda veebilehte, v\u00f5tad minuga \u00fchendust v\u00f5i soetad teenuseid.\" \/>\n<meta property=\"og:url\" content=\"https:\/\/tuulivahtra.com\/et\/privaatsuspoliitika\/\" \/>\n<meta property=\"og:site_name\" content=\"Tuuli Vahtra\" \/>\n<meta property=\"article:modified_time\" content=\"2026-01-13T08:26:53+00:00\" \/>\n<meta name=\"twitter:card\" content=\"summary_large_image\" \/>\n<meta name=\"twitter:label1\" content=\"Est. reading time\" \/>\n\t<meta name=\"twitter:data1\" content=\"4 minutit\" \/>\n<script type=\"application\/ld+json\" class=\"yoast-schema-graph\">{\"@context\":\"https:\\\/\\\/schema.org\",\"@graph\":[{\"@type\":\"WebPage\",\"@id\":\"https:\\\/\\\/tuulivahtra.com\\\/et\\\/privaatsuspoliitika\\\/\",\"url\":\"https:\\\/\\\/tuulivahtra.com\\\/et\\\/privaatsuspoliitika\\\/\",\"name\":\"Privaatsuspoliitika &#8211; Tuuli Coaching O\u00dc\",\"isPartOf\":{\"@id\":\"https:\\\/\\\/tuulivahtra.com\\\/et\\\/#website\"},\"datePublished\":\"2020-02-23T21:58:08+00:00\",\"dateModified\":\"2026-01-13T08:26:53+00:00\",\"description\":\"Privaatsuspoliitika selgitab, kuidas kogun ja kasutan isikuandmeid, kui kasutad seda veebilehte, v\u00f5tad minuga \u00fchendust v\u00f5i soetad teenuseid.\",\"breadcrumb\":{\"@id\":\"https:\\\/\\\/tuulivahtra.com\\\/et\\\/privaatsuspoliitika\\\/#breadcrumb\"},\"inLanguage\":\"et\",\"potentialAction\":[{\"@type\":\"ReadAction\",\"target\":[\"https:\\\/\\\/tuulivahtra.com\\\/et\\\/privaatsuspoliitika\\\/\"]}]},{\"@type\":\"BreadcrumbList\",\"@id\":\"https:\\\/\\\/tuulivahtra.com\\\/et\\\/privaatsuspoliitika\\\/#breadcrumb\",\"itemListElement\":[{\"@type\":\"ListItem\",\"position\":1,\"name\":\"Home\",\"item\":\"https:\\\/\\\/tuulivahtra.com\\\/et\\\/\"},{\"@type\":\"ListItem\",\"position\":2,\"name\":\"Privaatsuspoliitika\"}]},{\"@type\":\"WebSite\",\"@id\":\"https:\\\/\\\/tuulivahtra.com\\\/et\\\/#website\",\"url\":\"https:\\\/\\\/tuulivahtra.com\\\/et\\\/\",\"name\":\"Tuuli Vahtra\",\"description\":\"\",\"publisher\":{\"@id\":\"https:\\\/\\\/tuulivahtra.com\\\/et\\\/#organization\"},\"potentialAction\":[{\"@type\":\"SearchAction\",\"target\":{\"@type\":\"EntryPoint\",\"urlTemplate\":\"https:\\\/\\\/tuulivahtra.com\\\/et\\\/?s={search_term_string}\"},\"query-input\":{\"@type\":\"PropertyValueSpecification\",\"valueRequired\":true,\"valueName\":\"search_term_string\"}}],\"inLanguage\":\"et\"},{\"@type\":\"Organization\",\"@id\":\"https:\\\/\\\/tuulivahtra.com\\\/et\\\/#organization\",\"name\":\"Tuuli Coaching O\u00dc\",\"url\":\"https:\\\/\\\/tuulivahtra.com\\\/et\\\/\",\"logo\":{\"@type\":\"ImageObject\",\"inLanguage\":\"et\",\"@id\":\"https:\\\/\\\/tuulivahtra.com\\\/et\\\/#\\\/schema\\\/logo\\\/image\\\/\",\"url\":\"http:\\\/\\\/tuulivahtra.com\\\/wp-content\\\/uploads\\\/2019\\\/07\\\/Tuuli-Vahtra-website.png\",\"contentUrl\":\"http:\\\/\\\/tuulivahtra.com\\\/wp-content\\\/uploads\\\/2019\\\/07\\\/Tuuli-Vahtra-website.png\",\"width\":100,\"height\":101,\"caption\":\"Tuuli Coaching O\u00dc\"},\"image\":{\"@id\":\"https:\\\/\\\/tuulivahtra.com\\\/et\\\/#\\\/schema\\\/logo\\\/image\\\/\"}}]}<\/script>\n<!-- \/ Yoast SEO plugin. -->","yoast_head_json":{"title":"Privaatsuspoliitika &#8211; Tuuli Coaching O\u00dc","description":"Privaatsuspoliitika selgitab, kuidas kogun ja kasutan isikuandmeid, kui kasutad seda veebilehte, v\u00f5tad minuga \u00fchendust v\u00f5i soetad teenuseid.","robots":{"index":"noindex","follow":"nofollow"},"og_locale":"et_EE","og_type":"article","og_title":"Privaatsuspoliitika &#8211; Tuuli Coaching O\u00dc","og_description":"Privaatsuspoliitika selgitab, kuidas kogun ja kasutan isikuandmeid, kui kasutad seda veebilehte, v\u00f5tad minuga \u00fchendust v\u00f5i soetad teenuseid.","og_url":"https:\/\/tuulivahtra.com\/et\/privaatsuspoliitika\/","og_site_name":"Tuuli Vahtra","article_modified_time":"2026-01-13T08:26:53+00:00","twitter_card":"summary_large_image","twitter_misc":{"Est. reading time":"4 minutit"},"schema":{"@context":"https:\/\/schema.org","@graph":[{"@type":"WebPage","@id":"https:\/\/tuulivahtra.com\/et\/privaatsuspoliitika\/","url":"https:\/\/tuulivahtra.com\/et\/privaatsuspoliitika\/","name":"Privaatsuspoliitika &#8211; Tuuli Coaching O\u00dc","isPartOf":{"@id":"https:\/\/tuulivahtra.com\/et\/#website"},"datePublished":"2020-02-23T21:58:08+00:00","dateModified":"2026-01-13T08:26:53+00:00","description":"Privaatsuspoliitika selgitab, kuidas kogun ja kasutan isikuandmeid, kui kasutad seda veebilehte, v\u00f5tad minuga \u00fchendust v\u00f5i soetad teenuseid.","breadcrumb":{"@id":"https:\/\/tuulivahtra.com\/et\/privaatsuspoliitika\/#breadcrumb"},"inLanguage":"et","potentialAction":[{"@type":"ReadAction","target":["https:\/\/tuulivahtra.com\/et\/privaatsuspoliitika\/"]}]},{"@type":"BreadcrumbList","@id":"https:\/\/tuulivahtra.com\/et\/privaatsuspoliitika\/#breadcrumb","itemListElement":[{"@type":"ListItem","position":1,"name":"Home","item":"https:\/\/tuulivahtra.com\/et\/"},{"@type":"ListItem","position":2,"name":"Privaatsuspoliitika"}]},{"@type":"WebSite","@id":"https:\/\/tuulivahtra.com\/et\/#website","url":"https:\/\/tuulivahtra.com\/et\/","name":"Tuuli Vahtra","description":"","publisher":{"@id":"https:\/\/tuulivahtra.com\/et\/#organization"},"potentialAction":[{"@type":"SearchAction","target":{"@type":"EntryPoint","urlTemplate":"https:\/\/tuulivahtra.com\/et\/?s={search_term_string}"},"query-input":{"@type":"PropertyValueSpecification","valueRequired":true,"valueName":"search_term_string"}}],"inLanguage":"et"},{"@type":"Organization","@id":"https:\/\/tuulivahtra.com\/et\/#organization","name":"Tuuli Coaching O\u00dc","url":"https:\/\/tuulivahtra.com\/et\/","logo":{"@type":"ImageObject","inLanguage":"et","@id":"https:\/\/tuulivahtra.com\/et\/#\/schema\/logo\/image\/","url":"http:\/\/tuulivahtra.com\/wp-content\/uploads\/2019\/07\/Tuuli-Vahtra-website.png","contentUrl":"http:\/\/tuulivahtra.com\/wp-content\/uploads\/2019\/07\/Tuuli-Vahtra-website.png","width":100,"height":101,"caption":"Tuuli Coaching O\u00dc"},"image":{"@id":"https:\/\/tuulivahtra.com\/et\/#\/schema\/logo\/image\/"}}]}},"_links":{"self":[{"href":"https:\/\/tuulivahtra.com\/et\/wp-json\/wp\/v2\/pages\/56987","targetHints":{"allow":["GET"]}}],"collection":[{"href":"https:\/\/tuulivahtra.com\/et\/wp-json\/wp\/v2\/pages"}],"about":[{"href":"https:\/\/tuulivahtra.com\/et\/wp-json\/wp\/v2\/types\/page"}],"author":[{"embeddable":true,"href":"https:\/\/tuulivahtra.com\/et\/wp-json\/wp\/v2\/users\/1"}],"replies":[{"embeddable":true,"href":"https:\/\/tuulivahtra.com\/et\/wp-json\/wp\/v2\/comments?post=56987"}],"version-history":[{"count":5,"href":"https:\/\/tuulivahtra.com\/et\/wp-json\/wp\/v2\/pages\/56987\/revisions"}],"predecessor-version":[{"id":57000,"href":"https:\/\/tuulivahtra.com\/et\/wp-json\/wp\/v2\/pages\/56987\/revisions\/57000"}],"wp:attachment":[{"href":"https:\/\/tuulivahtra.com\/et\/wp-json\/wp\/v2\/media?parent=56987"}],"curies":[{"name":"wp","href":"https:\/\/api.w.org\/{rel}","templated":true}]}}